{"id":49,"date":"2012-12-10T22:45:58","date_gmt":"2012-12-10T22:45:58","guid":{"rendered":"http:\/\/192.168.1.218\/rial\/newsite\/?page_id=49"},"modified":"2012-12-10T22:45:58","modified_gmt":"2012-12-10T22:45:58","slug":"abbiamo-lavorato-per","status":"publish","type":"page","link":"https:\/\/studiopiccinini.teasistemi.it\/index.php\/abbiamo-lavorato-per\/","title":{"rendered":"Abbiamo Lavorato per&#8230;"},"content":{"rendered":"<table width=\"397\" border=\"0\" cellspacing=\"0\" cellpadding=\"0\">\n<colgroup>\n<col width=\"205\" \/>\n<col width=\"192\" \/> <\/colgroup>\n<tbody>\n<tr>\n<td width=\"205\" height=\"19\">Agip Petroli<\/td>\n<td width=\"192\">Lovable<\/td>\n<\/tr>\n<tr>\n<td height=\"19\">Alta Fedelt\u00e0<\/td>\n<td>Malaguti<\/td>\n<\/tr>\n<tr>\n<td height=\"19\">Bayer<\/td>\n<td>Mantovani<\/td>\n<\/tr>\n<tr>\n<td height=\"19\">Campari<\/td>\n<td>Merloni Elettrodomestici<\/td>\n<\/tr>\n<tr>\n<td height=\"19\">Clarital<\/td>\n<td>Mokador<\/td>\n<\/tr>\n<tr>\n<td height=\"19\">Comedi<\/td>\n<td>Nestl\u00e8 Italia<\/td>\n<\/tr>\n<tr>\n<td height=\"19\">Dual Sanitaly<\/td>\n<td>Nestl\u00e8 Brasile<\/td>\n<\/tr>\n<tr>\n<td height=\"19\">Editoriale del Corriere della Sera<\/td>\n<td>Nintendo<\/td>\n<\/tr>\n<tr>\n<td height=\"19\">Elizabeth Arden<\/td>\n<td>Orangina<\/td>\n<\/tr>\n<tr>\n<td height=\"19\">Essebimercato<\/td>\n<td>Philips<\/td>\n<\/tr>\n<tr>\n<td height=\"19\">Ferrero<\/td>\n<td>Piaggio<\/td>\n<\/tr>\n<tr>\n<td height=\"19\">Fiat<\/td>\n<td>Pirelli<\/td>\n<\/tr>\n<tr>\n<td height=\"19\">Granarolo<\/td>\n<td>Prenatal<\/td>\n<\/tr>\n<tr>\n<td height=\"19\">Ilford Photo<\/td>\n<td>Siemens<\/td>\n<\/tr>\n<tr>\n<td height=\"19\">Jacob Suchard Kraft<\/td>\n<td>Sunsilk<\/td>\n<\/tr>\n<tr>\n<td height=\"19\">Junkers<\/td>\n<td>Standa<\/td>\n<\/tr>\n<tr>\n<td height=\"19\">Lavazza<\/td>\n<td>Win Distribuzione<\/td>\n<\/tr>\n<\/tbody>\n<\/table>\n","protected":false},"excerpt":{"rendered":"<p>Agip Petroli Lovable Alta Fedelt\u00e0 Malaguti Bayer Mantovani Campari Merloni Elettrodomestici Clarital Mokador Comedi Nestl\u00e8 Italia Dual Sanitaly Nestl\u00e8 Brasile Editoriale del Corriere della Sera Nintendo Elizabeth Arden Orangina Essebimercato Philips Ferrero Piaggio Fiat Pirelli Granarolo Prenatal Ilford Photo Siemens Jacob Suchard Kraft Sunsilk Junkers Standa Lavazza Win Distribuzione<\/p>\n","protected":false},"author":1,"featured_media":0,"parent":0,"menu_order":0,"comment_status":"closed","ping_status":"open","template":"","meta":[],"_links":{"self":[{"href":"https:\/\/studiopiccinini.teasistemi.it\/index.php\/wp-json\/wp\/v2\/pages\/49"}],"collection":[{"href":"https:\/\/studiopiccinini.teasistemi.it\/index.php\/wp-json\/wp\/v2\/pages"}],"about":[{"href":"https:\/\/studiopiccinini.teasistemi.it\/index.php\/wp-json\/wp\/v2\/types\/page"}],"author":[{"embeddable":true,"href":"https:\/\/studiopiccinini.teasistemi.it\/index.php\/wp-json\/wp\/v2\/users\/1"}],"replies":[{"embeddable":true,"href":"https:\/\/studiopiccinini.teasistemi.it\/index.php\/wp-json\/wp\/v2\/comments?post=49"}],"version-history":[{"count":0,"href":"https:\/\/studiopiccinini.teasistemi.it\/index.php\/wp-json\/wp\/v2\/pages\/49\/revisions"}],"wp:attachment":[{"href":"https:\/\/studiopiccinini.teasistemi.it\/index.php\/wp-json\/wp\/v2\/media?parent=49"}],"curies":[{"name":"wp","href":"https:\/\/api.w.org\/{rel}","templated":true}]}}